{"id":11,"date":"2015-08-07T14:25:36","date_gmt":"2015-08-07T12:25:36","guid":{"rendered":"http:\/\/kinn-heil.haditosch.de\/?page_id=11"},"modified":"2023-08-10T15:06:38","modified_gmt":"2023-08-10T13:06:38","slug":"weingut-heil-kinn","status":"publish","type":"page","link":"https:\/\/www.heil-kinn.de\/weingut-kroev-mosel\/","title":{"rendered":"Weingut und Ferienwohnung Heil-Kinn in Kr\u00f6v an der Mosel"},"content":{"rendered":"[vc_row type=&#8220;full_width_background&#8220; full_screen_row_position=&#8220;middle&#8220; column_margin=&#8220;default&#8220; column_direction=&#8220;default&#8220; column_direction_tablet=&#8220;default&#8220; column_direction_phone=&#8220;default&#8220; bg_color=&#8220;#72000b&#8220; scene_position=&#8220;center&#8220; top_padding=&#8220;5%&#8220; bottom_padding=&#8220;5%&#8220; text_color=&#8220;light&#8220; text_align=&#8220;left&#8220; row_border_radius=&#8220;none&#8220; row_border_radius_applies=&#8220;bg&#8220; overflow=&#8220;visible&#8220; overlay_strength=&#8220;0.3&#8243; gradient_direction=&#8220;left_to_right&#8220; shape_divider_position=&#8220;bottom&#8220; bg_image_animation=&#8220;none&#8220; gradient_type=&#8220;default&#8220; shape_type=&#8220;&#8220;][vc_column column_padding=&#8220;padding-2-percent&#8220; column_padding_tablet=&#8220;inherit&#8220; column_padding_phone=&#8220;inherit&#8220; column_padding_position=&#8220;all&#8220; column_element_direction_desktop=&#8220;default&#8220; column_element_spacing=&#8220;default&#8220; desktop_text_alignment=&#8220;default&#8220; tablet_text_alignment=&#8220;default&#8220; phone_text_alignment=&#8220;default&#8220; background_color_opacity=&#8220;1&#8243; background_hover_color_opacity=&#8220;1&#8243; column_backdrop_filter=&#8220;none&#8220; column_shadow=&#8220;none&#8220; column_border_radius=&#8220;none&#8220; column_link_target=&#8220;_self&#8220; column_position=&#8220;default&#8220; gradient_direction=&#8220;left_to_right&#8220; overlay_strength=&#8220;0.3&#8243; width=&#8220;1\/3&#8243; tablet_width_inherit=&#8220;default&#8220; animation_type=&#8220;default&#8220; bg_image_animation=&#8220;none&#8220; border_type=&#8220;simple&#8220; column_border_width=&#8220;none&#8220; column_border_style=&#8220;solid&#8220;][image_with_animation image_url=&#8220;361&#8243; image_size=&#8220;full&#8220; animation_type=&#8220;entrance&#8220; animation=&#8220;Fade In From Left&#8220; animation_easing=&#8220;default&#8220; animation_movement_type=&#8220;transform_y&#8220; hover_animation=&#8220;none&#8220; alignment=&#8220;center&#8220; img_link_large=&#8220;yes&#8220; border_radius=&#8220;none&#8220; box_shadow=&#8220;none&#8220; image_loading=&#8220;default&#8220; max_width=&#8220;100%&#8220; max_width_mobile=&#8220;default&#8220; delay=&#8220;150&#8243;][\/vc_column][vc_column column_padding=&#8220;padding-3-percent&#8220; column_padding_tablet=&#8220;inherit&#8220; column_padding_phone=&#8220;inherit&#8220; column_padding_position=&#8220;left&#8220; column_element_direction_desktop=&#8220;default&#8220; column_element_spacing=&#8220;default&#8220; desktop_text_alignment=&#8220;default&#8220; tablet_text_alignment=&#8220;default&#8220; phone_text_alignment=&#8220;default&#8220; background_color_opacity=&#8220;1&#8243; background_hover_color_opacity=&#8220;1&#8243; column_backdrop_filter=&#8220;none&#8220; column_shadow=&#8220;none&#8220; column_border_radius=&#8220;none&#8220; column_link_target=&#8220;_self&#8220; column_position=&#8220;default&#8220; gradient_direction=&#8220;left_to_right&#8220; overlay_strength=&#8220;0.3&#8243; width=&#8220;2\/3&#8243; tablet_width_inherit=&#8220;default&#8220; animation_type=&#8220;default&#8220; bg_image_animation=&#8220;none&#8220; border_type=&#8220;simple&#8220; column_border_width=&#8220;none&#8220; column_border_style=&#8220;solid&#8220;][vc_column_text]\n<h2>Herzlich Willkommen im Weingut &amp; G\u00e4stehaus Heil-Kinn in Kr\u00f6v an der Mosel<\/h2>\n[divider line_type=&#8220;Small Line&#8220; custom_height=&#8220;10&#8243;]\n<p class=\"darkred\">Wir sind ein Familienbetrieb, der sich seit Generationen dem Weinbau widmet. Unsere Weinberge liegen in den besten Lagen von Kr\u00f6v und Kinheim. Die gr\u00f6\u00dfte Rebfl\u00e4che nimmt bei uns der Riesling ein. Weitere Weinberge sind mit Kerner, M\u00fcller-Thurgau und als Rotweinreben Dornfelder und Sp\u00e4tburgunder bepflanzt.<\/p>\n<p>Wir freuen uns auf Ihren Besuch<\/p>\n<p>Ihre Familie Heil-Kinn<\/p>\n[\/vc_column_text][\/vc_column][\/vc_row][vc_row type=&#8220;full_width_background&#8220; full_screen_row_position=&#8220;middle&#8220; column_margin=&#8220;default&#8220; column_direction=&#8220;default&#8220; column_direction_tablet=&#8220;default&#8220; column_direction_phone=&#8220;default&#8220; bg_image=&#8220;80&#8243; bg_position=&#8220;left top&#8220; background_image_loading=&#8220;default&#8220; bg_repeat=&#8220;no-repeat&#8220; scene_position=&#8220;center&#8220; top_padding=&#8220;5%&#8220; bottom_padding=&#8220;5%&#8220; text_color=&#8220;dark&#8220; text_align=&#8220;left&#8220; row_border_radius=&#8220;none&#8220; row_border_radius_applies=&#8220;bg&#8220; overflow=&#8220;visible&#8220; overlay_strength=&#8220;0.3&#8243; gradient_direction=&#8220;left_to_right&#8220; shape_divider_position=&#8220;bottom&#8220; bg_image_animation=&#8220;none&#8220;][vc_column column_padding=&#8220;padding-2-percent&#8220; column_padding_tablet=&#8220;inherit&#8220; column_padding_phone=&#8220;inherit&#8220; column_padding_position=&#8220;all&#8220; column_element_direction_desktop=&#8220;default&#8220; column_element_spacing=&#8220;default&#8220; desktop_text_alignment=&#8220;default&#8220; tablet_text_alignment=&#8220;default&#8220; phone_text_alignment=&#8220;default&#8220; background_color=&#8220;rgba(255,255,255,0.75)&#8220; background_color_opacity=&#8220;1&#8243; background_color_hover=&#8220;rgba(255,255,255,0.75)&#8220; background_hover_color_opacity=&#8220;1&#8243; column_backdrop_filter=&#8220;none&#8220; column_shadow=&#8220;none&#8220; column_border_radius=&#8220;none&#8220; column_link_target=&#8220;_self&#8220; column_position=&#8220;default&#8220; gradient_direction=&#8220;left_to_right&#8220; overlay_strength=&#8220;0.3&#8243; width=&#8220;1\/3&#8243; tablet_width_inherit=&#8220;default&#8220; animation_type=&#8220;default&#8220; bg_image_animation=&#8220;none&#8220; border_type=&#8220;simple&#8220; column_border_width=&#8220;none&#8220; column_border_style=&#8220;solid&#8220;][vc_column_text]\n<h2><a href=\"https:\/\/heil-kinn.de\/weingut-kinn-heil\/ferienwohnung\/\">Unsere Ferienwohnung<\/a><\/h2>\n[divider line_type=&#8220;Full Width Line&#8220; custom_height=&#8220;10&#8243;]\n<p>Erholen Sie sich in unserer Ferienwohnung in ruhiger Lage inmitten der Weinberge mit separatem Eingang und eigenem Balkon. Die Wohnung verf\u00fcgt\u00a0 \u00fcber ein Doppelzimmer mit Dusche und WC, sowie eine Doppelschlafcouch. (<em>Auf Wunsch kann ein weiteres Doppelzimmer mit eigener Dusche und WC zugebucht werden<\/em>.)<\/p>\n<p>Ein gem\u00fctlicher Essbereich ist in der vollausgestatteten K\u00fcche integriert. Im Wohnbereich ist ein Farb-Fernseher mit SAT-Anschluss vorhanden.<\/p>\n<p>Im Preis enthalten ist nat\u00fcrlich auch die Bettw\u00e4sche und Handt\u00fccher. Ein ausreichender Parkplatz ist vor dem Haus vorhanden. Neben unserem Br\u00f6tchenservice k\u00f6nnen Sie jederzeit eine Weinprobe unserer eigenen Weine buchen.[\/vc_column_text][\/vc_column][vc_column column_padding=&#8220;padding-2-percent&#8220; column_padding_tablet=&#8220;inherit&#8220; column_padding_phone=&#8220;inherit&#8220; column_padding_position=&#8220;all&#8220; column_element_direction_desktop=&#8220;default&#8220; column_element_spacing=&#8220;default&#8220; desktop_text_alignment=&#8220;default&#8220; tablet_text_alignment=&#8220;default&#8220; phone_text_alignment=&#8220;default&#8220; background_color=&#8220;rgba(255,255,255,0.75)&#8220; background_color_opacity=&#8220;1&#8243; background_color_hover=&#8220;rgba(255,255,255,0.75)&#8220; background_hover_color_opacity=&#8220;1&#8243; column_backdrop_filter=&#8220;none&#8220; column_shadow=&#8220;none&#8220; column_border_radius=&#8220;none&#8220; column_link_target=&#8220;_self&#8220; column_position=&#8220;default&#8220; gradient_direction=&#8220;left_to_right&#8220; overlay_strength=&#8220;0.3&#8243; width=&#8220;1\/3&#8243; tablet_width_inherit=&#8220;default&#8220; animation_type=&#8220;default&#8220; bg_image_animation=&#8220;none&#8220; border_type=&#8220;simple&#8220; column_border_width=&#8220;none&#8220; column_border_style=&#8220;solid&#8220;][vc_column_text]\n<h2><a href=\"https:\/\/heil-kinn.de\/weingut-kinn-heil\/weinangebot\/\">Unsere Wein- und Spirituosenkarte<\/a><\/h2>\n[divider line_type=&#8220;Full Width Line&#8220; custom_height=&#8220;10&#8243;]\n<p>Die Qualit\u00e4t des Weines entsteht nicht erst im Keller, sie schlie\u00dft auch den schonenden Umgang mit der Natur und sorgsamer, termingerechter Pflege der B\u00f6den und der Reben mit ein.<\/p>\n<p>Unsere besten Parzellen befinden sich in den Lagen Kr\u00f6ver Steffensberg und Kr\u00f6ver Kirchlay. Da diese aber sehr unterschiedlichen B\u00f6den und klimatischen Bedingungen unterliegen, bauen wir die Weine immer entsprechend ihrer Herkunft aus. Nur so kann der individuelle und originelle Charakter jedes einzelnen Weines zur Geltung kommen.<\/p>\n<p>Unsere Weine werden entsprechen ihrer Eigenschaften traditionell in Eichenholzf\u00e4ssern oder in Edelstahltanks ausgebaut, wo sie sehr langsam und gleichm\u00e4\u00dfig mit eigenen oder zugesetzten Reinzuchthefen kalt verg\u00e4ren. So gelingt es uns Jahr f\u00fcr Jahr sehr bukettreiche und fruchtige Weine zu erzeugen.[\/vc_column_text][\/vc_column][vc_column column_padding=&#8220;padding-2-percent&#8220; column_padding_tablet=&#8220;inherit&#8220; column_padding_phone=&#8220;inherit&#8220; column_padding_position=&#8220;all&#8220; column_element_direction_desktop=&#8220;default&#8220; column_element_spacing=&#8220;default&#8220; desktop_text_alignment=&#8220;default&#8220; tablet_text_alignment=&#8220;default&#8220; phone_text_alignment=&#8220;default&#8220; background_color=&#8220;rgba(255,255,255,0.75)&#8220; background_color_opacity=&#8220;1&#8243; background_color_hover=&#8220;rgba(255,255,255,0.75)&#8220; background_hover_color_opacity=&#8220;1&#8243; column_backdrop_filter=&#8220;none&#8220; column_shadow=&#8220;none&#8220; column_border_radius=&#8220;none&#8220; column_link_target=&#8220;_self&#8220; column_position=&#8220;default&#8220; gradient_direction=&#8220;left_to_right&#8220; overlay_strength=&#8220;0.3&#8243; width=&#8220;1\/3&#8243; tablet_width_inherit=&#8220;default&#8220; animation_type=&#8220;default&#8220; bg_image_animation=&#8220;none&#8220; border_type=&#8220;simple&#8220; column_border_width=&#8220;none&#8220; column_border_style=&#8220;solid&#8220;][vc_column_text]\n<h2><a href=\"https:\/\/heil-kinn.de\/kroev\/\">Kr\u00f6v erleben und genie\u00dfen<\/a><\/h2>\n[divider line_type=&#8220;Full Width Line&#8220; custom_height=&#8220;10&#8243;]\n<p>Kr\u00f6v liegt im Herzen der Mittelmosel. Zahlreiche Sehensw\u00fcrdigkeiten in der nahen Umgebung lassen sich von hier leicht erreichen. Die alte R\u00f6merstadt Trier, Luxemburg oder Idar-Oberstein die bekannte Edelsteinstadt. Erkunden Sie Eifel und Hunsr\u00fcck mit seinen Burgen und Ruinen.<\/p>\n<p>G\u00f6nnen Sie sich ein Sonnenbad im beheizten Erlebnisbad. Bei Schifffahrten oder Wanderungen lernen Sie die herrliche Mosellandschaft kennen und lieben. Beim Tennis, Minigolf oder Angeln werden Sie sicherlich Entspannung finden.<\/p>\n<p>Unsere Liste mit den Angeboten ist nur ein kleiner Ausblick auf die Freizeitm\u00f6glichkeiten rund um Kr\u00f6v. F\u00fcr jeden Gast finden wir sicherlich die richtige Freizeitbesch\u00e4ftigung.[\/vc_column_text][\/vc_column][\/vc_row]\n","protected":false},"excerpt":{"rendered":"<p>[vc_row type=&#8220;full_width_background&#8220; full_screen_row_position=&#8220;middle&#8220; column_margin=&#8220;default&#8220; column_direction=&#8220;default&#8220; column_direction_tablet=&#8220;default&#8220; column_direction_phone=&#8220;default&#8220; bg_color=&#8220;#72000b&#8220; scene_position=&#8220;center&#8220; top_padding=&#8220;5%&#8220; bottom_padding=&#8220;5%&#8220; text_color=&#8220;light&#8220; text_align=&#8220;left&#8220; row_border_radius=&#8220;none&#8220; row_border_radius_applies=&#8220;bg&#8220; overflow=&#8220;visible&#8220; overlay_strength=&#8220;0.3&#8243; gradient_direction=&#8220;left_to_right&#8220; shape_divider_position=&#8220;bottom&#8220; bg_image_animation=&#8220;none&#8220; gradient_type=&#8220;default&#8220; shape_type=&#8220;&#8220;][vc_column column_padding=&#8220;padding-2-percent&#8220; column_padding_tablet=&#8220;inherit&#8220; column_padding_phone=&#8220;inherit&#8220; column_padding_position=&#8220;all&#8220; column_element_direction_desktop=&#8220;default&#8220; column_element_spacing=&#8220;default&#8220; desktop_text_alignment=&#8220;default&#8220; tablet_text_alignment=&#8220;default&#8220;&#8230;<\/p>\n","protected":false},"author":1,"featured_media":0,"parent":0,"menu_order":0,"comment_status":"open","ping_status":"closed","template":"","meta":{"footnotes":""},"class_list":["post-11","page","type-page","status-publish"],"_links":{"self":[{"href":"https:\/\/www.heil-kinn.de\/weingut-kroev-mosel\/wp-json\/wp\/v2\/pages\/11","targetHints":{"allow":["GET"]}}],"collection":[{"href":"https:\/\/www.heil-kinn.de\/weingut-kroev-mosel\/wp-json\/wp\/v2\/pages"}],"about":[{"href":"https:\/\/www.heil-kinn.de\/weingut-kroev-mosel\/wp-json\/wp\/v2\/types\/page"}],"author":[{"embeddable":true,"href":"https:\/\/www.heil-kinn.de\/weingut-kroev-mosel\/wp-json\/wp\/v2\/users\/1"}],"replies":[{"embeddable":true,"href":"https:\/\/www.heil-kinn.de\/weingut-kroev-mosel\/wp-json\/wp\/v2\/comments?post=11"}],"version-history":[{"count":111,"href":"https:\/\/www.heil-kinn.de\/weingut-kroev-mosel\/wp-json\/wp\/v2\/pages\/11\/revisions"}],"predecessor-version":[{"id":562,"href":"https:\/\/www.heil-kinn.de\/weingut-kroev-mosel\/wp-json\/wp\/v2\/pages\/11\/revisions\/562"}],"wp:attachment":[{"href":"https:\/\/www.heil-kinn.de\/weingut-kroev-mosel\/wp-json\/wp\/v2\/media?parent=11"}],"curies":[{"name":"wp","href":"https:\/\/api.w.org\/{rel}","templated":true}]}}