{"id":221,"date":"2015-10-05T12:31:50","date_gmt":"2015-10-05T10:31:50","guid":{"rendered":"http:\/\/kinn-heil.haditosch.de\/?page_id=221"},"modified":"2018-06-19T09:06:22","modified_gmt":"2018-06-19T07:06:22","slug":"kroev","status":"publish","type":"page","link":"https:\/\/www.heil-kinn.de\/weingut-kroev-mosel\/kroev\/","title":{"rendered":"Weinort Kr\u00f6v \/ Mosel"},"content":{"rendered":"[vc_row type=&#8220;full_width_background&#8220; bg_color=&#8220;#72000b&#8220; scene_position=&#8220;center&#8220; text_color=&#8220;light&#8220; text_align=&#8220;left&#8220; top_padding=&#8220;3%&#8220; bottom_padding=&#8220;3%&#8220; overlay_strength=&#8220;0.3&#8243;][vc_column column_padding=&#8220;no-extra-padding&#8220; column_padding_position=&#8220;all&#8220; background_color_opacity=&#8220;1&#8243; background_hover_color_opacity=&#8220;1&#8243; width=&#8220;1\/1&#8243;][vc_column_text]\n<h1>Idyllischer Weinort Kr\u00f6v &#8211; ein Ort mit alten Wurzeln<\/h1>\n[divider line_type=&#8220;Small Line&#8220; custom_height=&#8220;10&#8243;]\nRomantisch gelegen im windungreichsten Teil der Mittelmosel. Der Name stammt vom galloromanischem Wort <i>croviacum<\/i> ab. Die alten R\u00f6mer brachten den Weinbau nach Kr\u00f6v, wo er bis zum heutigen Tag den Ort und die Landschaft formt. Der weltweit bekannte Name &#8222;Kr\u00f6ver Nacktarsch&#8220;, hat den Ort \u00fcber die Grenzen Deutschlands bekannt gemacht. Seit Jahrzehnten ist Kr\u00f6v ein attraktives Urlaubsgebiet f\u00fcr alle Art von Touristen.Im historischen Ortskern finden Sie Sehensw\u00fcrdigkeiten wie:<\/p>\n<ul>\n<li>Burggeb\u00e4ude St. Josef<\/li>\n<li>Pfarrkirche St. Remigius<\/li>\n<li>Grabkapelle Kesselstatt<\/li>\n<li>Dreigiebelhaus<\/li>\n<li>Hof der grauen Schwestern<\/li>\n<li>Weinbrunnenhalle &#8222;Kr\u00f6ver Nacktarsch&#8220; und einiges mehr.<\/li>\n<\/ul>\n<p>Neben einer wundervollen Moselpromenade findet man in Kr\u00f6v selbstverst\u00e4ndlich eine vielf\u00e4ltige heimische Gastronomie und Spitzenweine direkt vom Erzeuger.<\/p>\n<p>Auch die zahlreichen Wanderwege zum Beispiel Moselsteig, Moselh\u00f6henweg mit Ihren Seitenspr\u00fcngen, sind wahre Traumpfade f\u00fcr leichte und anspruchsvolle Wanderungen. Entlang der Mosel, der Eifel und des Hunsr\u00fccks finden Sie gut ausgebaute Radwege f\u00fcr jeden Anspruch.<\/p>\n<p>Weitere attraktive Freizeitangebote finden Sie unter den angegebenen LINK\u00b4s:<\/p>\n<ul>\n<li><a href=\"http:\/\/kroev.de\/kroev-mosel\/kroev\/freibad-kroev\/\">Freibad &#8222;Kr\u00f6ver Reich&#8220; &#8211; beheiztes Erlebnisbad<\/a><\/li>\n<li><a href=\"https:\/\/adventureforest.de\/\">Kletterpark &#8222;Adventure Forrest&#8220;<\/a><\/li>\n<li><a href=\"http:\/\/www.mosel-personenschifffahrt.de\/\">Ausfl\u00fcge mit dem Schiff<\/a><\/li>\n<li><a href=\"http:\/\/www.kroev.de\/kroev-mosel\/urlaubsthemen\/radfahren\/fahrradverleih.php\">Fahrrad Verleih<\/a><\/li>\n<li><a href=\"http:\/\/www.moselkanuverleih.de\/\">Mosel-Kanuverleih<\/a><\/li>\n<li><a href=\"http:\/\/www.kroev.de\/kroev-mosel\/urlaubsthemen\/freizeitspass\/tagesausfluege-busausfluege-in-die-region.php\">Tagesfahrten mit dem Bus<\/a><\/li>\n<\/ul>\n<p>Gerne helfen wir Ihnen, bei der Gestaltung von Tagesausfl\u00fcgen. Egal ob Ihre Freizeitgestalung einen sportlichen Charakter oder eine gem\u00fctliche Komponente beinhaltet. Fragen Sie uns.[\/vc_column_text][\/vc_column][\/vc_row]\n","protected":false},"excerpt":{"rendered":"<p>[vc_row type=&#8220;full_width_background&#8220; bg_color=&#8220;#72000b&#8220; scene_position=&#8220;center&#8220; text_color=&#8220;light&#8220; text_align=&#8220;left&#8220; top_padding=&#8220;3%&#8220; bottom_padding=&#8220;3%&#8220; overlay_strength=&#8220;0.3&#8243;][vc_column column_padding=&#8220;no-extra-padding&#8220; column_padding_position=&#8220;all&#8220; background_color_opacity=&#8220;1&#8243; background_hover_color_opacity=&#8220;1&#8243; width=&#8220;1\/1&#8243;][vc_column_text] Idyllischer Weinort Kr\u00f6v &#8211; ein Ort mit alten Wurzeln [divider line_type=&#8220;Small Line&#8220; custom_height=&#8220;10&#8243;] Romantisch gelegen im&#8230;<\/p>\n","protected":false},"author":1,"featured_media":0,"parent":0,"menu_order":0,"comment_status":"closed","ping_status":"closed","template":"","meta":{"footnotes":""},"class_list":["post-221","page","type-page","status-publish"],"_links":{"self":[{"href":"https:\/\/www.heil-kinn.de\/weingut-kroev-mosel\/wp-json\/wp\/v2\/pages\/221","targetHints":{"allow":["GET"]}}],"collection":[{"href":"https:\/\/www.heil-kinn.de\/weingut-kroev-mosel\/wp-json\/wp\/v2\/pages"}],"about":[{"href":"https:\/\/www.heil-kinn.de\/weingut-kroev-mosel\/wp-json\/wp\/v2\/types\/page"}],"author":[{"embeddable":true,"href":"https:\/\/www.heil-kinn.de\/weingut-kroev-mosel\/wp-json\/wp\/v2\/users\/1"}],"replies":[{"embeddable":true,"href":"https:\/\/www.heil-kinn.de\/weingut-kroev-mosel\/wp-json\/wp\/v2\/comments?post=221"}],"version-history":[{"count":31,"href":"https:\/\/www.heil-kinn.de\/weingut-kroev-mosel\/wp-json\/wp\/v2\/pages\/221\/revisions"}],"predecessor-version":[{"id":439,"href":"https:\/\/www.heil-kinn.de\/weingut-kroev-mosel\/wp-json\/wp\/v2\/pages\/221\/revisions\/439"}],"wp:attachment":[{"href":"https:\/\/www.heil-kinn.de\/weingut-kroev-mosel\/wp-json\/wp\/v2\/media?parent=221"}],"curies":[{"name":"wp","href":"https:\/\/api.w.org\/{rel}","templated":true}]}}